{"id":683,"date":"2017-02-27T09:13:34","date_gmt":"2017-02-27T09:13:34","guid":{"rendered":"http:\/\/nativewptheme.net\/twenty_second\/?page_id=2"},"modified":"2022-11-03T16:26:06","modified_gmt":"2022-11-03T20:26:06","slug":"twenty-second","status":"publish","type":"page","link":"https:\/\/rmrmuseum.com\/fr\/","title":{"rendered":"Home"},"content":{"rendered":"<p>[vc_row dfd_row_config=&#8221;full_width_content&#8221;][vc_column][rev_slider_vc alias=&#8221;home&#8221;][\/vc_column][\/vc_row][vc_row el_class=&#8221;avto-z-indez&#8221; dfd_row_responsive_enable=&#8221;dfd-row-responsive-enable&#8221; responsive_styles=&#8221;padding_left_desktop:20|padding_right_desktop:20|margin_bottom_tablet:80|padding_left_tablet:20|padding_right_tablet:20|margin_bottom_mobile:70|padding_left_mobile:20|padding_right_mobile:20&#8243; css=&#8221;.vc_custom_1488532072343{margin-bottom: 100px !important;}&#8221;][vc_column dfd_column_responsive_enable=&#8221;dfd-column-responsive-enable&#8221; css=&#8221;.vc_custom_1488443650474{margin-top: -160px !important;}&#8221; col_shadow=&#8221;box_shadow_enable:enable|shadow_horizontal:0|shadow_vertical:40|shadow_blur:100|shadow_spread:0|box_shadow_color:rgba(0%2C0%2C0%2C0.15)&#8221; col_shadow_hover=&#8221;box_shadow_enable:enable|shadow_horizontal:0|shadow_vertical:40|shadow_blur:100|shadow_spread:0|box_shadow_color:rgba(0%2C0%2C0%2C0.15)&#8221; responsive_styles=&#8221;margin_top_tablet:0|margin_top_mobile:0&#8243;][vc_row_inner][vc_column_inner width=&#8221;1\/3&#8243; dfd_column_responsive_enable=&#8221;dfd-column-responsive-enable&#8221; css=&#8221;.vc_custom_1488471028054{padding-right: 3% !important;padding-left: 3.5% !important;background-color: #ffffff !important;}&#8221; col_inner_shadow=&#8221;box_shadow_enable:disable|shadow_horizontal:0|shadow_vertical:15|shadow_blur:50|shadow_spread:0|box_shadow_color:rgba(0%2C0%2C0%2C0.35)&#8221; col_inner_shadow_hover=&#8221;box_shadow_enable:disable|shadow_horizontal:0|shadow_vertical:15|shadow_blur:50|shadow_spread:0|box_shadow_color:rgba(0%2C0%2C0%2C0.35)&#8221; responsive_styles=&#8221;padding_left_tablet:20|padding_right_tablet:20|padding_left_mobile:20|padding_right_mobile:20&#8243;][dfd_spacer screen_wide_spacer_size=&#8221;35&#8243; screen_normal_resolution=&#8221;1280&#8243; screen_tablet_resolution=&#8221;1024&#8243; screen_mobile_resolution=&#8221;800&#8243; screen_tablet_spacer_size=&#8221;30&#8243;][dfd_single_image image_size=&#8221;custom&#8221; image_width=&#8221;64&#8243; image_height=&#8221;64&#8243; image_alignment=&#8221;image-left&#8221; module_animation=&#8221;transition.slideUpBigIn&#8221; image=&#8221;769&#8243;][dfd_spacer screen_wide_spacer_size=&#8221;15&#8243; screen_normal_resolution=&#8221;1024&#8243; screen_tablet_resolution=&#8221;800&#8243; screen_mobile_resolution=&#8221;480&#8243;][dfd_heading subtitle=&#8221;&#8221; content_alignment=&#8221;text-left&#8221; module_animation=&#8221;transition.slideUpBigIn&#8221; enable_delimiter=&#8221;&#8221; undefined=&#8221;&#8221; title_font_options=&#8221;tag:div|font_size:25|color:%23282828|line_height:30&#8243; title_google_fonts=&#8221;yes&#8221; title_custom_fonts=&#8221;font_family:Roboto%3A100%2C100italic%2C300%2C300italic%2Cregular%2Citalic%2C500%2C500italic%2C700%2C700italic%2C900%2C900italic|font_style:900%20bold%20regular%3A900%3Anormal&#8221; subtitle_font_options=&#8221;tag:div&#8221; title_responsive=&#8221;font_size_tablet:22&#8243; tutorials=&#8221;&#8221;]Carte m\u00e9morielle[\/dfd_heading][vc_column_text item_animation=&#8221;transition.slideUpBigIn&#8221;]Explorez les rues de Westmount \u00e0 travers son histoire militaire.[\/vc_column_text][dfd_spacer screen_wide_spacer_size=&#8221;80&#8243; screen_normal_resolution=&#8221;1024&#8243; screen_tablet_resolution=&#8221;800&#8243; screen_mobile_resolution=&#8221;480&#8243; tutorials=&#8221;&#8221;][dfd_button button_text=&#8221;En savoir plus&#8221; alignment=&#8221;text-left&#8221; main_style=&#8221;style-2&#8243; buttom_link_src=&#8221;url:https%3A%2F%2Fmap.rmrmuseum.com%2Ffr&#8221; undefined=&#8221;&#8221; box_shadow=&#8221;box_shadow_enable:disable|shadow_horizontal:0|shadow_vertical:15|shadow_blur:50|shadow_spread:0|box_shadow_color:rgba(0%2C0%2C0%2C0.35)&#8221; hover_box_shadow=&#8221;box_shadow_enable:disable|shadow_horizontal:0|shadow_vertical:15|shadow_blur:50|shadow_spread:0|box_shadow_color:rgba(0%2C0%2C0%2C0.35)&#8221; background=&#8221;#004675&#8243; hover_background=&#8221;#b83e43&#8243; tutorials=&#8221;&#8221;][\/vc_column_inner][vc_column_inner width=&#8221;1\/3&#8243; dfd_column_responsive_enable=&#8221;dfd-column-responsive-enable&#8221; css=&#8221;.vc_custom_1488471041099{padding-right: 3% !important;padding-left: 3.5% !important;background-color: #f2f2f2 !important;}&#8221; col_inner_shadow=&#8221;box_shadow_enable:disable|shadow_horizontal:0|shadow_vertical:15|shadow_blur:50|shadow_spread:0|box_shadow_color:rgba(0%2C0%2C0%2C0.35)&#8221; col_inner_shadow_hover=&#8221;box_shadow_enable:disable|shadow_horizontal:0|shadow_vertical:15|shadow_blur:50|shadow_spread:0|box_shadow_color:rgba(0%2C0%2C0%2C0.35)&#8221; responsive_styles=&#8221;padding_left_tablet:20|padding_right_tablet:20|padding_left_mobile:20|padding_right_mobile:20&#8243;][dfd_spacer screen_wide_spacer_size=&#8221;35&#8243; screen_normal_resolution=&#8221;1280&#8243; screen_tablet_resolution=&#8221;1024&#8243; screen_mobile_resolution=&#8221;800&#8243; screen_tablet_spacer_size=&#8221;30&#8243;][dfd_single_image image_size=&#8221;custom&#8221; image_width=&#8221;64&#8243; image_height=&#8221;64&#8243; image_alignment=&#8221;image-left&#8221; module_animation=&#8221;transition.slideUpBigIn&#8221; image=&#8221;13488&#8243;][dfd_spacer screen_wide_spacer_size=&#8221;15&#8243; screen_normal_resolution=&#8221;1024&#8243; screen_tablet_resolution=&#8221;800&#8243; screen_mobile_resolution=&#8221;480&#8243;][dfd_heading subtitle=&#8221;&#8221; content_alignment=&#8221;text-left&#8221; module_animation=&#8221;transition.slideUpBigIn&#8221; enable_delimiter=&#8221;&#8221; undefined=&#8221;&#8221; title_font_options=&#8221;tag:div|font_size:25|color:%23282828|line_height:30&#8243; title_google_fonts=&#8221;yes&#8221; title_custom_fonts=&#8221;font_family:Roboto%3A100%2C100italic%2C300%2C300italic%2Cregular%2Citalic%2C500%2C500italic%2C700%2C700italic%2C900%2C900italic|font_style:900%20bold%20regular%3A900%3Anormal&#8221; subtitle_font_options=&#8221;tag:div&#8221; title_responsive=&#8221;font_size_tablet:22&#8243;]Notre\u00a0collection[\/dfd_heading][dfd_spacer screen_wide_spacer_size=&#8221;5&#8243; screen_normal_resolution=&#8221;1024&#8243; screen_tablet_resolution=&#8221;800&#8243; screen_mobile_resolution=&#8221;480&#8243;][vc_column_text item_animation=&#8221;transition.slideUpBigIn&#8221;]Un aper\u00e7u de certains artefacts du mus\u00e9e du RMR pour en apprendre plus sur son histoire.<\/p>\n<p>&nbsp;[\/vc_column_text][dfd_button button_text=&#8221;En savoir plus&#8221; alignment=&#8221;text-left&#8221; main_style=&#8221;style-2&#8243; buttom_link_src=&#8221;url:https%3A%2F%2Frmrmuseum.com%2Ffr%2Fstudents-section%2F|||&#8221; undefined=&#8221;&#8221; box_shadow=&#8221;box_shadow_enable:disable|shadow_horizontal:0|shadow_vertical:15|shadow_blur:50|shadow_spread:0|box_shadow_color:rgba(0%2C0%2C0%2C0.35)&#8221; hover_box_shadow=&#8221;box_shadow_enable:disable|shadow_horizontal:0|shadow_vertical:15|shadow_blur:50|shadow_spread:0|box_shadow_color:rgba(0%2C0%2C0%2C0.35)&#8221; background=&#8221;#004675&#8243; hover_background=&#8221;#b83e43&#8243;][dfd_spacer screen_wide_spacer_size=&#8221;50&#8243; screen_normal_resolution=&#8221;1280&#8243; screen_tablet_resolution=&#8221;1024&#8243; screen_mobile_resolution=&#8221;800&#8243; screen_tablet_spacer_size=&#8221;40&#8243;][\/vc_column_inner][vc_column_inner width=&#8221;1\/3&#8243; dfd_column_responsive_enable=&#8221;dfd-column-responsive-enable&#8221; css=&#8221;.vc_custom_1488471052732{padding-right: 3% !important;padding-left: 3.5% !important;background-color: #ffffff !important;}&#8221; col_inner_shadow=&#8221;box_shadow_enable:disable|shadow_horizontal:0|shadow_vertical:15|shadow_blur:50|shadow_spread:0|box_shadow_color:rgba(0%2C0%2C0%2C0.35)&#8221; col_inner_shadow_hover=&#8221;box_shadow_enable:disable|shadow_horizontal:0|shadow_vertical:15|shadow_blur:50|shadow_spread:0|box_shadow_color:rgba(0%2C0%2C0%2C0.35)&#8221; responsive_styles=&#8221;padding_left_tablet:20|padding_right_tablet:20|padding_left_mobile:20|padding_right_mobile:20&#8243;][dfd_spacer screen_wide_spacer_size=&#8221;35&#8243; screen_normal_resolution=&#8221;1280&#8243; screen_tablet_resolution=&#8221;1024&#8243; screen_mobile_resolution=&#8221;800&#8243; screen_tablet_spacer_size=&#8221;30&#8243;][dfd_single_image image_alignment=&#8221;image-left&#8221; module_animation=&#8221;transition.slideUpBigIn&#8221; image=&#8221;778&#8243;][dfd_spacer screen_wide_spacer_size=&#8221;15&#8243; screen_normal_resolution=&#8221;1024&#8243; screen_tablet_resolution=&#8221;800&#8243; screen_mobile_resolution=&#8221;480&#8243;][dfd_heading subtitle=&#8221;&#8221; content_alignment=&#8221;text-left&#8221; module_animation=&#8221;transition.slideUpBigIn&#8221; enable_delimiter=&#8221;&#8221; undefined=&#8221;&#8221; title_font_options=&#8221;tag:div|font_size:25|color:%23282828|line_height:30&#8243; title_google_fonts=&#8221;yes&#8221; title_custom_fonts=&#8221;font_family:Roboto%3A100%2C100italic%2C300%2C300italic%2Cregular%2Citalic%2C500%2C500italic%2C700%2C700italic%2C900%2C900italic|font_style:900%20bold%20regular%3A900%3Anormal&#8221; subtitle_font_options=&#8221;tag:div&#8221; title_responsive=&#8221;font_size_tablet:22&#8243;]Ressources\u00a0\u00e9ducatives[\/dfd_heading][vc_column_text item_animation=&#8221;transition.slideUpBigIn&#8221;]Obtenez des coffres \u00e0 outils pr\u00eats \u00e0 \u00eatre utilis\u00e9s, pleins d&#8217;activit\u00e9s pour votre classe, de ressources pour l&#8217;enseignant-e et de contenu multim\u00e9dia.[\/vc_column_text][dfd_spacer screen_wide_spacer_size=&#8221;30&#8243; screen_normal_resolution=&#8221;1024&#8243; screen_tablet_resolution=&#8221;800&#8243; screen_mobile_resolution=&#8221;480&#8243;][dfd_spacer screen_wide_spacer_size=&#8221;5&#8243; screen_normal_resolution=&#8221;1024&#8243; screen_tablet_resolution=&#8221;800&#8243; screen_mobile_resolution=&#8221;480&#8243;][dfd_button button_text=&#8221;En savoir plus&#8221; alignment=&#8221;text-left&#8221; main_style=&#8221;style-2&#8243; buttom_link_src=&#8221;url:https%3A%2F%2Fjemesouviens.org%2Ffr%2F|||&#8221; undefined=&#8221;&#8221; box_shadow=&#8221;box_shadow_enable:disable|shadow_horizontal:0|shadow_vertical:15|shadow_blur:50|shadow_spread:0|box_shadow_color:rgba(0%2C0%2C0%2C0.35)&#8221; hover_box_shadow=&#8221;box_shadow_enable:disable|shadow_horizontal:0|shadow_vertical:15|shadow_blur:50|shadow_spread:0|box_shadow_color:rgba(0%2C0%2C0%2C0.35)&#8221; background=&#8221;#004675&#8243; hover_background=&#8221;#b83e43&#8243;][\/vc_column_inner][\/vc_row_inner][\/vc_column][\/vc_row][vc_row][vc_column width=&#8221;2\/3&#8243; dfd_column_responsive_enable=&#8221;dfd-column-responsive-enable&#8221; col_shadow=&#8221;box_shadow_enable:disable|shadow_horizontal:0|shadow_vertical:15|shadow_blur:50|shadow_spread:0|box_shadow_color:rgba(0%2C0%2C0%2C0.35)&#8221; col_shadow_hover=&#8221;box_shadow_enable:disable|shadow_horizontal:0|shadow_vertical:15|shadow_blur:50|shadow_spread:0|box_shadow_color:rgba(0%2C0%2C0%2C0.35)&#8221; responsive_styles=&#8221;padding_left_desktop:20|padding_left_tablet:20|padding_right_tablet:20|padding_left_mobile:20|padding_right_mobile:20&#8243; el_class=&#8221;dfd_col-tablet-12&#8243; offset=&#8221;vc_col-lg-6 vc_col-md-6 vc_col-xs-12&#8243;][dfd_heading subtitle=&#8221;&#8221; content_alignment=&#8221;text-left&#8221; module_animation=&#8221;transition.slideRightBigIn&#8221; enable_delimiter=&#8221;&#8221; undefined=&#8221;&#8221; title_font_options=&#8221;tag:h3|font_size:30|line_height:38&#8243; subtitle_font_options=&#8221;tag:div&#8221; title_responsive=&#8221;font_size_desktop:28|font_size_tablet:26|line_height_tablet:36|font_size_mobile:24|line_height_mobile:30&#8243;]<em class=\"dfd-textmodule-featured-decoration\">Bienvenue au mus\u00e9e du Royal Montreal Regiment<\/em>[\/dfd_heading][dfd_spacer screen_wide_spacer_size=&#8221;20&#8243; screen_normal_resolution=&#8221;1280&#8243; screen_tablet_resolution=&#8221;1024&#8243; screen_mobile_resolution=&#8221;800&#8243; screen_mobile_spacer_size=&#8221;10&#8243;][vc_column_text item_animation=&#8221;transition.slideRightBigIn&#8221;]Bienvenue sur le site du mus\u00e9e du Royal Montreal Regiment! Nous souhaitons pr\u00e9senter les histoires et les contributions des soldats du RMR dans le contexte plus large de l&#8217;Histoire canadienne. Regardez un aper\u00e7u de notre collection, planifiez votre visite ou, si vous \u00eates un-e enseignant-e, trouvez des activit\u00e9s et des ressources p\u00e9dagogiques pour votre classe.[\/vc_column_text][\/vc_column][vc_column width=&#8221;1\/3&#8243; dfd_column_responsive_enable=&#8221;dfd-column-responsive-enable&#8221; col_shadow=&#8221;box_shadow_enable:disable|shadow_horizontal:0|shadow_vertical:15|shadow_blur:50|shadow_spread:0|box_shadow_color:rgba(0%2C0%2C0%2C0.35)&#8221; col_shadow_hover=&#8221;box_shadow_enable:disable|shadow_horizontal:0|shadow_vertical:15|shadow_blur:50|shadow_spread:0|box_shadow_color:rgba(0%2C0%2C0%2C0.35)&#8221; responsive_styles=&#8221;padding_right_desktop:20|padding_left_tablet:20|padding_right_tablet:20|padding_left_mobile:20|padding_right_mobile:20&#8243; el_class=&#8221;dfd_col-tablet-12&#8243; offset=&#8221;vc_col-lg-6 vc_col-md-6 vc_col-xs-12&#8243;][dfd_single_image hover_style=&#8221;dfd-image-scale&#8221; image=&#8221;14072&#8243;][\/vc_column][\/vc_row][vc_row][vc_column][dfd_spacer screen_wide_spacer_size=&#8221;60&#8243; screen_normal_resolution=&#8221;1280&#8243; screen_tablet_resolution=&#8221;1024&#8243; screen_mobile_resolution=&#8221;800&#8243; screen_tablet_spacer_size=&#8221;40&#8243; screen_mobile_spacer_size=&#8221;50&#8243;][\/vc_column][\/vc_row]<\/p>\n","protected":false},"excerpt":{"rendered":"<p>[vc_row dfd_row_config=&#8221;full_width_content&#8221;][vc_column][rev_slider_vc alias=&#8221;home&#8221;][\/vc_column][\/vc_row][vc_row el_class=&#8221;avto-z-indez&#8221; dfd_row_responsive_enable=&#8221;dfd-row-responsive-enable&#8221; responsive_styles=&#8221;padding_left_desktop:20|padding_right_desktop:20|margin_bottom_tablet:80|padding_left_tablet:20|padding_right_tablet:20|margin_bottom_mobile:70|padding_left_mobile:20|padding_right_mobile:20&#8243; css=&#8221;.vc_custom_1488532072343{margin-bottom: 100px !important;}&#8221;][vc_column dfd_column_responsive_enable=&#8221;dfd-column-responsive-enable&#8221; css=&#8221;.vc_custom_1488443650474{margin-top: -160px !important;}&#8221; col_shadow=&#8221;box_shadow_enable:enable|shadow_horizontal:0|shadow_vertical:40|shadow_blur:100|shadow_spread:0|box_shadow_color:rgba(0%2C0%2C0%2C0.15)&#8221; col_shadow_hover=&#8221;box_shadow_enable:enable|shadow_horizontal:0|shadow_vertical:40|shadow_blur:100|shadow_spread:0|box_shadow_color:rgba(0%2C0%2C0%2C0.15)&#8221; responsive_styles=&#8221;margin_top_tablet:0|margin_top_mobile:0&#8243;][vc_row_inner][vc_column_inner width=&#8221;1\/3&#8243; dfd_column_responsive_enable=&#8221;dfd-column-responsive-enable&#8221; css=&#8221;.vc_custom_1488471028054{padding-right: 3% !important;padding-left: 3.5% !important;background-color: #ffffff !important;}&#8221; col_inner_shadow=&#8221;box_shadow_enable:disable|shadow_horizontal:0|shadow_vertical:15|shadow_blur:50|shadow_spread:0|box_shadow_color:rgba(0%2C0%2C0%2C0.35)&#8221; col_inner_shadow_hover=&#8221;box_shadow_enable:disable|shadow_horizontal:0|shadow_vertical:15|shadow_blur:50|shadow_spread:0|box_shadow_color:rgba(0%2C0%2C0%2C0.35)&#8221; responsive_styles=&#8221;padding_left_tablet:20|padding_right_tablet:20|padding_left_mobile:20|padding_right_mobile:20&#8243;][dfd_spacer screen_wide_spacer_size=&#8221;35&#8243; screen_normal_resolution=&#8221;1280&#8243;<\/p>\n","protected":false},"author":1,"featured_media":0,"parent":0,"menu_order":0,"comment_status":"closed","ping_status":"open","template":"tmp-page.php","meta":{"footnotes":""},"class_list":["post-683","page","type-page","status-publish","hentry"],"_links":{"self":[{"href":"https:\/\/rmrmuseum.com\/fr\/wp-json\/wp\/v2\/pages\/683","targetHints":{"allow":["GET"]}}],"collection":[{"href":"https:\/\/rmrmuseum.com\/fr\/wp-json\/wp\/v2\/pages"}],"about":[{"href":"https:\/\/rmrmuseum.com\/fr\/wp-json\/wp\/v2\/types\/page"}],"author":[{"embeddable":true,"href":"https:\/\/rmrmuseum.com\/fr\/wp-json\/wp\/v2\/users\/1"}],"replies":[{"embeddable":true,"href":"https:\/\/rmrmuseum.com\/fr\/wp-json\/wp\/v2\/comments?post=683"}],"version-history":[{"count":45,"href":"https:\/\/rmrmuseum.com\/fr\/wp-json\/wp\/v2\/pages\/683\/revisions"}],"predecessor-version":[{"id":14376,"href":"https:\/\/rmrmuseum.com\/fr\/wp-json\/wp\/v2\/pages\/683\/revisions\/14376"}],"wp:attachment":[{"href":"https:\/\/rmrmuseum.com\/fr\/wp-json\/wp\/v2\/media?parent=683"}],"curies":[{"name":"wp","href":"https:\/\/api.w.org\/{rel}","templated":true}]}}