{"id":2,"date":"2017-06-08T20:42:17","date_gmt":"2017-06-08T20:42:17","guid":{"rendered":"http:\/\/royalmontrealregiment.com\/2017\/?page_id=2"},"modified":"2019-12-16T13:19:37","modified_gmt":"2019-12-16T18:19:37","slug":"a-propos","status":"publish","type":"page","link":"https:\/\/rmrmuseum.com\/fr\/a-propos\/","title":{"rendered":"\u00c0 propos de nous"},"content":{"rendered":"<p>[vc_row dfd_row_responsive_enable=&#8221;dfd-row-responsive-enable&#8221;][vc_column][dfd_spacer screen_wide_spacer_size=&#8221;140&#8243; screen_normal_resolution=&#8221;1024&#8243; screen_tablet_resolution=&#8221;800&#8243; screen_mobile_resolution=&#8221;480&#8243;][dfd_heading style=&#8221;style_05&#8243; subtitle=&#8221;&#8221; delimiter_settings=&#8221;delimiter_style:solid|delimiter_width:80|delimiter_height:1&#8243; undefined=&#8221;&#8221; title_font_options=&#8221;tag:h1&#8243; subtitle_font_options=&#8221;tag:div&#8221; title_google_fonts=&#8221;yes&#8221; title_custom_fonts=&#8221;font_family:Josefin%20Sans%3A100%2C100italic%2C300%2C300italic%2Cregular%2Citalic%2C600%2C600italic%2C700%2C700italic|font_style:400%20regular%3A400%3Anormal&#8221;]Heures d&#8217;ouverture[\/dfd_heading][dfd_spacer screen_wide_spacer_size=&#8221;35&#8243; screen_normal_resolution=&#8221;1024&#8243; screen_tablet_resolution=&#8221;800&#8243; screen_mobile_resolution=&#8221;480&#8243;][vc_row_inner][vc_column_inner width=&#8221;1\/2&#8243; dfd_column_responsive_enable=&#8221;dfd-column-responsive-enable&#8221; css=&#8221;.vc_custom_1507301866394{padding-top: 0px !important;padding-right: 0px !important;padding-bottom: 0px !important;padding-left: 20px !important;}&#8221; col_inner_shadow=&#8221;box_shadow_enable:disable|shadow_horizontal:0|shadow_vertical:15|shadow_blur:50|shadow_spread:0|box_shadow_color:rgba(0%2C0%2C0%2C0.35)&#8221; col_inner_shadow_hover=&#8221;box_shadow_enable:disable|shadow_horizontal:0|shadow_vertical:15|shadow_blur:50|shadow_spread:0|box_shadow_color:rgba(0%2C0%2C0%2C0.35)&#8221; responsive_styles=&#8221;padding_top_desktop:0|padding_bottom_desktop:0|padding_left_desktop:20|padding_right_desktop:0|padding_left_tablet:15|padding_right_tablet:15|padding_left_mobile:15|padding_right_mobile:15&#8243;][vc_column_text]<\/p>\n<table border=\"0\">\n<tbody>\n<tr>\n<td width=\"71\">\n<h5>Lundi<\/h5>\n<\/td>\n<td width=\"139\">\n<h5>Sur demande<\/h5>\n<\/td>\n<\/tr>\n<tr>\n<td>\n<h5>Mardi<\/h5>\n<\/td>\n<td>\n<h5>1:00PM &#8211; 8:00PM<\/h5>\n<\/td>\n<\/tr>\n<tr>\n<td>\n<h5>Mercredi<\/h5>\n<\/td>\n<td>\n<h5>Sur demande<\/h5>\n<\/td>\n<\/tr>\n<tr>\n<td>\n<h5>Jeudi<\/h5>\n<\/td>\n<td>\n<h5>Sur demande<\/h5>\n<\/td>\n<\/tr>\n<tr>\n<td>\n<h5>Vendredi<\/h5>\n<\/td>\n<td>\n<h5>Sur demande<\/h5>\n<\/td>\n<\/tr>\n<tr>\n<td>\n<h5>Samedi<\/h5>\n<\/td>\n<td>\n<h5>Sur demande<\/h5>\n<\/td>\n<\/tr>\n<tr>\n<td>\n<h5>Dimanche<\/h5>\n<\/td>\n<td>\n<h5>Sur demande<\/h5>\n<\/td>\n<\/tr>\n<\/tbody>\n<\/table>\n<p>[\/vc_column_text][dfd_spacer screen_wide_spacer_size=&#8221;35&#8243; screen_normal_resolution=&#8221;1024&#8243; screen_tablet_resolution=&#8221;800&#8243; screen_mobile_resolution=&#8221;480&#8243;][dfd_heading subtitle=&#8221;Si vous voyez la pancarte \u00e0 l&#8217;ext\u00e9rieur du mus\u00e9e, nous sommes ouverts!&#8221; content_alignment=&#8221;text-left&#8221; delimiter_settings=&#8221;delimiter_style:solid|delimiter_width:80|delimiter_height:1&#8243; undefined=&#8221;&#8221; title_font_options=&#8221;tag:h4|font_style_bold:1&#8243; title_google_fonts=&#8221;yes&#8221; title_custom_fonts=&#8221;font_family:Satisfy%3Aregular|font_style:400%20regular%3A400%3Anormal&#8221; subtitle_font_options=&#8221;tag:div&#8221; subheading_margin=&#8221;margin-top:15&#8243;]Vous passez dans le coin?[\/dfd_heading][\/vc_column_inner][vc_column_inner width=&#8221;1\/2&#8243;][dfd_single_image image=&#8221;14064&#8243;][\/vc_column_inner][\/vc_row_inner][dfd_spacer screen_wide_spacer_size=&#8221;35&#8243; screen_normal_resolution=&#8221;1024&#8243; screen_tablet_resolution=&#8221;800&#8243; screen_mobile_resolution=&#8221;480&#8243;][dfd_google_map map_style=&#8221;shift-worker&#8221; location_list=&#8221;%5B%7B%22show_tooltip%22%3A%22marker%22%2C%22tooltip_show_setting%22%3A%22always_show%22%2C%22marker_location%22%3A%224625%20Ste-Catherine%20St.%20W%2C%20Westmount%2C%20QC%2C%20H3Z%201S4%22%2C%22location_list2%22%3A%22%255B%257B%257D%255D%22%7D%5D&#8221; x_pan=&#8221;0&#8243; y_pan=&#8221;0&#8243; size=&#8221;300&#8243;][\/vc_column][\/vc_row][vc_row dfd_row_responsive_enable=&#8221;dfd-row-responsive-enable&#8221; responsive_styles=&#8221;padding_left_mobile:15|padding_right_mobile:15&#8243;][vc_column][dfd_delimiter delimiter_style=&#8221;dfd-delimiter-with-line&#8221; undefined=&#8221;&#8221;][dfd_spacer screen_wide_spacer_size=&#8221;60&#8243; screen_normal_resolution=&#8221;1024&#8243; screen_tablet_resolution=&#8221;800&#8243; screen_mobile_resolution=&#8221;480&#8243;][vc_row_inner][vc_column_inner width=&#8221;1\/2&#8243;][dfd_heading subtitle=&#8221;&#8221; content_alignment=&#8221;text-left&#8221; delimiter_settings=&#8221;delimiter_style:solid|delimiter_width:80|delimiter_height:1&#8243; undefined=&#8221;&#8221; title_font_options=&#8221;tag:h2&#8243; subtitle_font_options=&#8221;tag:div&#8221;]Histoire[\/dfd_heading][vc_column_text]<\/p>\n<p style=\"text-align: justify;\">Le mus\u00e9e du Royal Montreal Regiment a \u00e9t\u00e9 inaugur\u00e9 le 20 septembre 1974 par le brigadier W.S.G. Armour, colonel du R\u00e9giment Prince of Wales Own Regiment d Yorkshire, \u00e0 l&#8217;occasion d&#8217;une r\u00e9union pour le soixanti\u00e8me anniversaire du Royal Montreal Regiment. Aujourd&#8217;hui, la collection du mus\u00e9e du RMR est pr\u00e9sent\u00e9e au public de fa\u00e7on permanente dans une salle qui lui est d\u00e9di\u00e9e situ\u00e9e au c\u00f4t\u00e9 ouest du Parade Square. L&#8217;exposition met en sc\u00e8ne l&#8217;histoire du Royal Montreal Regiment, la premi\u00e8re unit\u00e9 de combat bilingue au Canada, ainsi que l&#8217;histoire militaire canadienne depuis 1914. Notre collection est compos\u00e9e de photos, de livres, d&#8217;affiches, de m\u00e9dailles, de badges, de lettres, d&#8217;armes, d&#8217;uniformes et d&#8217;autres artefacts qui datent de la Grande Guerre jusqu&#8217;au conflit actuel en Irak.<\/p>\n<p>[\/vc_column_text][dfd_spacer screen_wide_spacer_size=&#8221;16&#8243; screen_normal_resolution=&#8221;1024&#8243; screen_tablet_resolution=&#8221;800&#8243; screen_mobile_resolution=&#8221;480&#8243;][\/vc_column_inner][vc_column_inner width=&#8221;1\/2&#8243;][dfd_single_image hover_style=&#8221;dfd-image-scale&#8221; image=&#8221;13453&#8243;][vc_column_text]<\/p>\n<h6>AVANT LA CR\u00c9ATION DU MUS\u00c9E, LES ARTEFACTS \u00c9TAIENT SOUS LA SUPERVISION DIRECTE DU ROYAL MONTREAL REGIMENT. ILS \u00c9TAIENT PARFOIS UTILIS\u00c9S DANS UN BUT DE RECRUTEMENT, COMME C&#8217;EST LE CAS SUR CETTE PHOTO PRISE EN JUIN 1943.<\/h6>\n<p>[\/vc_column_text][\/vc_column_inner][\/vc_row_inner][dfd_spacer screen_wide_spacer_size=&#8221;35&#8243; screen_normal_resolution=&#8221;1024&#8243; screen_tablet_resolution=&#8221;800&#8243; screen_mobile_resolution=&#8221;480&#8243;][\/vc_column][\/vc_row][vc_row dfd_row_responsive_enable=&#8221;dfd-row-responsive-enable&#8221; responsive_styles=&#8221;padding_left_mobile:15|padding_right_mobile:15&#8243;][vc_column][dfd_delimiter delimiter_style=&#8221;dfd-delimiter-with-line&#8221; undefined=&#8221;&#8221;][dfd_spacer screen_wide_spacer_size=&#8221;35&#8243; screen_normal_resolution=&#8221;1024&#8243; screen_tablet_resolution=&#8221;800&#8243; screen_mobile_resolution=&#8221;480&#8243;][vc_row_inner][vc_column_inner][dfd_heading subtitle=&#8221;&#8221; content_alignment=&#8221;text-left&#8221; enable_delimiter=&#8221;&#8221; undefined=&#8221;&#8221; title_font_options=&#8221;tag:h2&#8243; subtitle_font_options=&#8221;tag:div&#8221;]Mission:[\/dfd_heading][vc_column_text]<\/p>\n<blockquote class=\"dfd-textmodule-blockquote\"><p>Le mus\u00e9e du Royal Montreal Regiment se consacre \u00e0 la pr\u00e9servation du riche patrimoine du Royal Montreal Regiment. Sa mission est d&#8217;acqu\u00e9rir des artefacts en lien avec la contribution militaire du r\u00e9giment, de mettre en valeur la collection dans le contexte plus large de l&#8217;Histoire canadienne et de maintenir cette collection accessible aux g\u00e9n\u00e9rations pr\u00e9sentes et futures.<\/p><\/blockquote>\n<p>[\/vc_column_text][\/vc_column_inner][\/vc_row_inner][\/vc_column][\/vc_row]<\/p>\n","protected":false},"excerpt":{"rendered":"<p>[vc_row dfd_row_responsive_enable=&#8221;dfd-row-responsive-enable&#8221;][vc_column][dfd_spacer screen_wide_spacer_size=&#8221;140&#8243; screen_normal_resolution=&#8221;1024&#8243; screen_tablet_resolution=&#8221;800&#8243; screen_mobile_resolution=&#8221;480&#8243;][dfd_heading style=&#8221;style_05&#8243; subtitle=&#8221;&#8221; delimiter_settings=&#8221;delimiter_style:solid|delimiter_width:80|delimiter_height:1&#8243; undefined=&#8221;&#8221; title_font_options=&#8221;tag:h1&#8243; subtitle_font_options=&#8221;tag:div&#8221; title_google_fonts=&#8221;yes&#8221; title_custom_fonts=&#8221;font_family:Josefin%20Sans%3A100%2C100italic%2C300%2C300italic%2Cregular%2Citalic%2C600%2C600italic%2C700%2C700italic|font_style:400%20regular%3A400%3Anormal&#8221;]Heures d&#8217;ouverture[\/dfd_heading][dfd_spacer screen_wide_spacer_size=&#8221;35&#8243; screen_normal_resolution=&#8221;1024&#8243; screen_tablet_resolution=&#8221;800&#8243; screen_mobile_resolution=&#8221;480&#8243;][vc_row_inner][vc_column_inner width=&#8221;1\/2&#8243; dfd_column_responsive_enable=&#8221;dfd-column-responsive-enable&#8221; css=&#8221;.vc_custom_1507301866394{padding-top: 0px !important;padding-right: 0px !important;padding-bottom: 0px !important;padding-left: 20px !important;}&#8221;<\/p>\n","protected":false},"author":1,"featured_media":0,"parent":0,"menu_order":0,"comment_status":"closed","ping_status":"open","template":"","meta":{"footnotes":""},"class_list":["post-2","page","type-page","status-publish","hentry"],"_links":{"self":[{"href":"https:\/\/rmrmuseum.com\/fr\/wp-json\/wp\/v2\/pages\/2","targetHints":{"allow":["GET"]}}],"collection":[{"href":"https:\/\/rmrmuseum.com\/fr\/wp-json\/wp\/v2\/pages"}],"about":[{"href":"https:\/\/rmrmuseum.com\/fr\/wp-json\/wp\/v2\/types\/page"}],"author":[{"embeddable":true,"href":"https:\/\/rmrmuseum.com\/fr\/wp-json\/wp\/v2\/users\/1"}],"replies":[{"embeddable":true,"href":"https:\/\/rmrmuseum.com\/fr\/wp-json\/wp\/v2\/comments?post=2"}],"version-history":[{"count":66,"href":"https:\/\/rmrmuseum.com\/fr\/wp-json\/wp\/v2\/pages\/2\/revisions"}],"predecessor-version":[{"id":14339,"href":"https:\/\/rmrmuseum.com\/fr\/wp-json\/wp\/v2\/pages\/2\/revisions\/14339"}],"wp:attachment":[{"href":"https:\/\/rmrmuseum.com\/fr\/wp-json\/wp\/v2\/media?parent=2"}],"curies":[{"name":"wp","href":"https:\/\/api.w.org\/{rel}","templated":true}]}}