{"id":14346,"date":"2020-07-10T10:53:13","date_gmt":"2020-07-10T14:53:13","guid":{"rendered":"https:\/\/rmrmuseum.com\/fr\/?page_id=14346"},"modified":"2020-07-15T09:16:45","modified_gmt":"2020-07-15T13:16:45","slug":"collection","status":"publish","type":"page","link":"https:\/\/rmrmuseum.com\/fr\/collection\/","title":{"rendered":"Notre collection"},"content":{"rendered":"<p>[vc_row dfd_row_responsive_enable=&#8221;dfd-row-responsive-enable&#8221;][vc_column dfd_column_responsive_enable=&#8221;dfd-column-responsive-enable&#8221; col_shadow=&#8221;box_shadow_enable:disable|shadow_horizontal:0|shadow_vertical:15|shadow_blur:50|shadow_spread:0|box_shadow_color:rgba(0%2C0%2C0%2C0.35)&#8221; col_shadow_hover=&#8221;box_shadow_enable:disable|shadow_horizontal:0|shadow_vertical:15|shadow_blur:50|shadow_spread:0|box_shadow_color:rgba(0%2C0%2C0%2C0.35)&#8221; responsive_styles=&#8221;padding_left_tablet:15|padding_right_tablet:15|padding_left_mobile:15|padding_right_mobile:15&#8243;][dfd_spacer screen_wide_spacer_size=&#8221;150&#8243; screen_normal_resolution=&#8221;1024&#8243; screen_tablet_resolution=&#8221;800&#8243; screen_mobile_resolution=&#8221;480&#8243;][vc_row_inner][vc_column_inner width=&#8221;1\/2&#8243;][dfd_heading style=&#8221;style_05&#8243; subtitle=&#8221;&#8221; delimiter_settings=&#8221;delimiter_style:solid|delimiter_width:80|delimiter_height:1&#8243; undefined=&#8221;&#8221; title_font_options=&#8221;tag:h2&#8243; subtitle_font_options=&#8221;tag:div|color:%23000000&#8243;]Notre collection[\/dfd_heading][\/vc_column_inner][vc_column_inner width=&#8221;1\/2&#8243;][dfd_heading subtitle=&#8221;&#8221; delimiter_settings=&#8221;delimiter_style:solid|delimiter_width:80|delimiter_height:1&#8243; undefined=&#8221;&#8221; title_font_options=&#8221;tag:h2&#8243; subtitle_font_options=&#8221;tag:div&#8221;]<\/p>\n<h5>Vous cherchez des informations sur un soldat de la Premi\u00e8re mondiale?<\/h5>\n<p>[\/dfd_heading][dfd_button button_text=&#8221;Faites une recherche dans nos fiches personnelles de la Premi\u00e8re Guerre mondiale&#8221; main_style=&#8221;style-2&#8243; buttom_link_src=&#8221;url:https%3A%2F%2Fwww.dropbox.com%2Fsh%2Fglupzorlzg4wjzj%2FAADeoQK6eMd6OpG-Qz05uSD5a%3Fdl%3D0||target:%20_blank|&#8221; undefined=&#8221;&#8221; box_shadow=&#8221;box_shadow_enable:disable|shadow_horizontal:0|shadow_vertical:15|shadow_blur:50|shadow_spread:0|box_shadow_color:rgba(0%2C0%2C0%2C0.35)&#8221; hover_box_shadow=&#8221;box_shadow_enable:disable|shadow_horizontal:0|shadow_vertical:15|shadow_blur:50|shadow_spread:0|box_shadow_color:rgba(0%2C0%2C0%2C0.35)&#8221;][\/vc_column_inner][\/vc_row_inner][dfd_spacer screen_wide_spacer_size=&#8221;35&#8243; screen_normal_resolution=&#8221;1024&#8243; screen_tablet_resolution=&#8221;800&#8243; screen_mobile_resolution=&#8221;480&#8243;][vc_column_text]Une grande partie de la collection du Mus\u00e9e du RMR n&#8217;est pas montr\u00e9e dans l&#8217;exposition permanente, pour cette raison, nous sommes heureux de partager avec vous des artefacts, des photographies et des documents qui seraient autrement cach\u00e9s dans nos r\u00e9serves. Vous \u00eates invit\u00e9s \u00e0 parcourir la collection en ligne et \u00e0 voir de plus pr\u00e8s en cliquant sur une image pour voir plus de d\u00e9tails.<\/p>\n<p><strong>Malheureusement, notre engin de recherche est, pour l&#8217;instant, seulement disponible en anglais. <\/strong>Nous vous invitons \u00e0 faire vos recherches par mots-cl\u00e9s anglais.\u00a0 Si vous n&#8217;arrivez pas \u00e0 trouver ce que vous chercher, n&#8217;h\u00e9sitez pas \u00e0 nous contacter.[\/vc_column_text][dfd_spacer screen_wide_spacer_size=&#8221;35&#8243; screen_normal_resolution=&#8221;1024&#8243; screen_tablet_resolution=&#8221;800&#8243; screen_mobile_resolution=&#8221;480&#8243;][\/vc_column][\/vc_row][vc_row dfd_row_config=&#8221;full_width_content&#8221; el_class=&#8221;really-fullwidth&#8221; dfd_row_responsive_enable=&#8221;dfd-row-responsive-enable&#8221;][vc_column dfd_column_responsive_enable=&#8221;dfd-column-responsive-enable&#8221; col_shadow=&#8221;box_shadow_enable:disable|shadow_horizontal:0|shadow_vertical:15|shadow_blur:50|shadow_spread:0|box_shadow_color:rgba(0%2C0%2C0%2C0.35)&#8221; col_shadow_hover=&#8221;box_shadow_enable:disable|shadow_horizontal:0|shadow_vertical:15|shadow_blur:50|shadow_spread:0|box_shadow_color:rgba(0%2C0%2C0%2C0.35)&#8221; responsive_styles=&#8221;padding_left_tablet:15|padding_right_tablet:15|padding_left_mobile:15|padding_right_mobile:15&#8243;][vc_raw_html]JTNDaWZyYW1lJTIwc3R5bGUlM0QlMjJib3JkZXIlM0ElMjBub25lJTNCJTIwd2lkdGglM0ElMjAxMDAlMjUlM0IlMjBoZWlnaHQlM0ElMjA3MDBweCUzQiUyMGJveC1zaXppbmclM0ElMjBib3JkZXItYm94JTNCJTIyJTIwc3JjJTNEJTIyaHR0cHMlM0ElMkYlMkZodWIuY2F0YWxvZ2l0LmFwcCUyRmlmcmFtZSUyRjIyNjQlMjIlM0UlM0MlMkZpZnJhbWUlM0U=[\/vc_raw_html][\/vc_column][\/vc_row][vc_row dfd_row_config=&#8221;full_width_content&#8221; el_class=&#8221;really-fullwidth&#8221; disable_element=&#8221;yes&#8221; dfd_row_responsive_enable=&#8221;dfd-row-responsive-enable&#8221;][vc_column dfd_column_responsive_enable=&#8221;dfd-column-responsive-enable&#8221; col_shadow=&#8221;box_shadow_enable:disable|shadow_horizontal:0|shadow_vertical:15|shadow_blur:50|shadow_spread:0|box_shadow_color:rgba(0%2C0%2C0%2C0.35)&#8221; col_shadow_hover=&#8221;box_shadow_enable:disable|shadow_horizontal:0|shadow_vertical:15|shadow_blur:50|shadow_spread:0|box_shadow_color:rgba(0%2C0%2C0%2C0.35)&#8221; responsive_styles=&#8221;padding_left_tablet:15|padding_right_tablet:15|padding_left_mobile:15|padding_right_mobile:15&#8243;][vc_column_text el_class=&#8221;hide-back-button&#8221;]\n  <div class=\"cit_common_container cit_pd_l_2 cit_pd_r_2 roboto cit_rounded\">\n\n    <a class=\"cit_go_back\" aria-label=\"Go back to shared folders\" href=\"\/fr\/collection\">\n      <span class=\"dashicons dashicons-arrow-left-alt\"><\/span>\n      <span>Go back<\/span>\n    <\/a>\n\n    <!-- Error container. -->\n    <div class=\"cit_error_container\"><\/div>\n\n    <h2 class=\"folder_name\">All Entries<\/h2>\n\n          <div class=\"folder_description\"><\/div>\n    \n    <!-- Search Form -->\n<div class=\"cit_search_container cit_mr_t_2 cit_mr_r_2\">\n  <form class=\"cit_search_form\" id=\"citSearchForm\">\n    <div class=\"cit_search_icon\">\n      <span class=\"dashicons dashicons-search\"><\/span>\n    <\/div>\n\n    <label for=\"search\" class=\"cit_sr_only\">Search <\/label>\n    <input name=\"search\" class=\"cit_search_input\" id=\"citSearchValue\" placeholder=\"Search\"  \/>\n  <\/form>\n<\/div>\n\n\n    <!-- Content container -->\n          <div class=\"cit_container cit_folder_items_wrapper cit_folder_items_grid\">\n                  <div class=\"cit_folder_item_cell w-xs-6 w-sm-4 w-md-3 w-lg-2 cit_fadeIn \">\n            <a\n              aria-label='Visit \"Ding's Boys\"'\n              href=\"\/fr\/collection\/details\/?page_number=1&entry_id=7e81a700-9c34-11ea-80ce-673a523cc501\"\n            >\n              <img decoding=\"async\"\n                class=\"cit_folder_item_image\"\n                src=\"\n                                      https:\/\/d3f1jyudfg58oi.cloudfront.net\/2264\/photo\/9168f2d0-9c37-11ea-9cea-1d999bc3caca-s0J81nv.tn.jpg\n                                  \"\n                alt='\"Ding's Boys\"'\n              \/>\n            <\/a>\n            <div class=\"cit_folder_item_info\">\n              <h6 class=\"cit_item_title\"> \"Ding's Boys\" <\/h6>\n              <span class=\"cit_item_classification\"> Photograph <\/span>\n            <\/div>\n          <\/div>\n                  <div class=\"cit_folder_item_cell w-xs-6 w-sm-4 w-md-3 w-lg-2 cit_fadeIn \">\n            <a\n              aria-label='Visit \"Gee Up\" Back from the Firing Line'\n              href=\"\/fr\/collection\/details\/?page_number=1&entry_id=bf024fc0-3ef9-11ea-973e-b3f33445abbd\"\n            >\n              <img decoding=\"async\"\n                class=\"cit_folder_item_image\"\n                src=\"\n                                      https:\/\/d3f1jyudfg58oi.cloudfront.net\/2264\/photo\/3a2db6f0-4b9b-11ea-a76a-67279119e3de-sQ3jXlz.tn.jpg\n                                  \"\n                alt='\"Gee Up\" Back from the Firing Line'\n              \/>\n            <\/a>\n            <div class=\"cit_folder_item_info\">\n              <h6 class=\"cit_item_title\"> \"Gee Up\" Back from the Firing Line <\/h6>\n              <span class=\"cit_item_classification\"> Postcard <\/span>\n            <\/div>\n          <\/div>\n                  <div class=\"cit_folder_item_cell w-xs-6 w-sm-4 w-md-3 w-lg-2 cit_fadeIn \">\n            <a\n              aria-label='Visit \"Pledge of Victory\" Crucifix'\n              href=\"\/fr\/collection\/details\/?page_number=1&entry_id=e8555580-5ce8-11f0-b939-57a1da3a46b4\"\n            >\n              <img decoding=\"async\"\n                class=\"cit_folder_item_image\"\n                src=\"\n                                      https:\/\/d3f1jyudfg58oi.cloudfront.net\/2264\/photo\/3db625a0-c224-11ea-92c1-5fcf4280c77d-s4hkjWV.tn@2x.jpg\n                                  \"\n                alt='\"Pledge of Victory\" Crucifix'\n              \/>\n            <\/a>\n            <div class=\"cit_folder_item_info\">\n              <h6 class=\"cit_item_title\"> \"Pledge of Victory\" Crucifix <\/h6>\n              <span class=\"cit_item_classification\"> Object\/Artifact <\/span>\n            <\/div>\n          <\/div>\n                  <div class=\"cit_folder_item_cell w-xs-6 w-sm-4 w-md-3 w-lg-2 cit_fadeIn \">\n            <a\n              aria-label='Visit .303 Bullets'\n              href=\"\/fr\/collection\/details\/?page_number=1&entry_id=b3cbd6d0-b172-11ea-b827-ef69c2c4991e\"\n            >\n              <img decoding=\"async\"\n                class=\"cit_folder_item_image\"\n                src=\"\n                                      https:\/\/d3f1jyudfg58oi.cloudfront.net\/2264\/photo\/a9dde0a0-b172-11ea-b827-ef69c2c4991e-s2h7OGU.tn.jpg\n                                  \"\n                alt='.303 Bullets'\n              \/>\n            <\/a>\n            <div class=\"cit_folder_item_info\">\n              <h6 class=\"cit_item_title\"> .303 Bullets <\/h6>\n              <span class=\"cit_item_classification\"> Object\/Artifact <\/span>\n            <\/div>\n          <\/div>\n                  <div class=\"cit_folder_item_cell w-xs-6 w-sm-4 w-md-3 w-lg-2 cit_fadeIn observer_observe\">\n            <a\n              aria-label='Visit 14th Battalion Bugler, No. 2'\n              href=\"\/fr\/collection\/details\/?page_number=1&entry_id=736877b0-3ef4-11ea-973e-b3f33445abbd\"\n            >\n              <img decoding=\"async\"\n                class=\"cit_folder_item_image\"\n                src=\"\n                                      https:\/\/d3f1jyudfg58oi.cloudfront.net\/2264\/photo\/8d5e84c0-4bbf-11ea-b122-4b6b51ceda19-sQ4mgdT.tn.jpg\n                                  \"\n                alt='14th Battalion Bugler, No. 2'\n              \/>\n            <\/a>\n            <div class=\"cit_folder_item_info\">\n              <h6 class=\"cit_item_title\"> 14th Battalion Bugler, No. 2 <\/h6>\n              <span class=\"cit_item_classification\"> Publication <\/span>\n            <\/div>\n          <\/div>\n              <\/div>\n    \n    <!-- Load More -->\n    <div class=\"cit_load_more\">\n\n      <!-- Previous -->\n      <a\n        class=\"cit_disabled\"\n        aria-label=\"Previous\"\n              >\n        <span aria-hidden=\"true\">&laquo;<\/span>\n        <span class=\"cit_sr_only\">Load Previous<\/span>\n      <\/a>\n\n      <!-- Next -->\n      <a\n        class=\"cit_mr_l_2\"\n        aria-label=\"Next\"\n        href=\"?page_number=2\"      >\n        <span aria-hidden=\"true\">&raquo;<\/span>\n        <span class=\"sr-only\">Load Next<\/span>\n      <\/a>\n\n    <\/div>\n  <\/div>\n\n  <script>\n  jQuery(document).ready(function() {\n\n    \/\/ Search related.\n    jQuery('#citSearchForm').on('submit', function(e){\n\n      e.preventDefault();\n      var citSearchValue =  jQuery('#citSearchValue').val();\n      var citSearchFolderId = \"\" || null;\n\n      var citSearchData = {\n        folderId: citSearchFolderId,\n        folderSearch: citSearchValue\n      }\n\n      var citSearch = new CitSearch(citSearchData);\n      citSearch.search();\n    });\n\n    \/\/ Infinite Scrolling related.\n    var citInfiniteScrollData = {\n      useObserver: true,\n      size: parseInt(\"5\", 10),\n      view: \"grid\",\n      accountToken: \"\",\n      search: \"\",\n      url: \"https:\/\/api.catalogit.app\/api\/public\/accounts\/2264\/entries\",\n      urlNext: \"\/fr\/collection\/details\/?page_number=1\",\n      picturePlaceholder: \"https:\/\/d3f1jyudfg58oi.cloudfront.net\/2264\/photo\/3db625a0-c224-11ea-92c1-5fcf4280c77d-s4hkjWV.tn@2x.jpg\",\n    }\n\n    var citInfiniteScroll = new CitInfiniteScroll(citInfiniteScrollData);\n    citInfiniteScroll.init();\n  });\n  <\/script>\n[\/vc_column_text][\/vc_column][\/vc_row][vc_row dfd_row_responsive_enable=&#8221;dfd-row-responsive-enable&#8221;][vc_column dfd_column_responsive_enable=&#8221;dfd-column-responsive-enable&#8221; col_shadow=&#8221;box_shadow_enable:disable|shadow_horizontal:0|shadow_vertical:15|shadow_blur:50|shadow_spread:0|box_shadow_color:rgba(0%2C0%2C0%2C0.35)&#8221; col_shadow_hover=&#8221;box_shadow_enable:disable|shadow_horizontal:0|shadow_vertical:15|shadow_blur:50|shadow_spread:0|box_shadow_color:rgba(0%2C0%2C0%2C0.35)&#8221; responsive_styles=&#8221;padding_left_tablet:15|padding_right_tablet:15|padding_left_mobile:15|padding_right_mobile:15&#8243;][dfd_spacer screen_wide_spacer_size=&#8221;35&#8243; screen_normal_resolution=&#8221;1024&#8243; screen_tablet_resolution=&#8221;800&#8243; screen_mobile_resolution=&#8221;480&#8243;][dfd_call_to_action module_animation=&#8221;transition.slideUpBigIn&#8221; block_title=&#8221;Avez-vous un objet reli\u00e9 au Royal Montreal Regiment que vous aimeriez donner au mus\u00e9e?&#8221; block_subtitle=&#8221;&#8221; button_text=&#8221;Entrez en contact!&#8221; button_link=&#8221;url:https%3A%2F%2Frmrmuseum.com%2Ffr%2Fdon-musee%2F|||&#8221; horizontal_padding=&#8221;35&#8243; vertical_padding=&#8221;35&#8243; main_border_radius=&#8221;6&#8243; main_style=&#8221;style-1&#8243; undefined=&#8221;&#8221; bt_text_color=&#8221;#ffffff&#8221; button_bg=&#8221;#004675&#8243; title_font_options=&#8221;tag:h2|font_size:35|color:%23000000&#8243; use_google_fonts=&#8221;yes&#8221; custom_fonts=&#8221;font_family:Roboto%3A100%2C100italic%2C300%2C300italic%2Cregular%2Citalic%2C500%2C500italic%2C700%2C700italic%2C900%2C900italic|font_style:100%20light%20regular%3A100%3Anormal&#8221; button_font_options=&#8221;font_size:16&#8243; main_bg_color=&#8221;#ffffff&#8221;][\/vc_column][\/vc_row]<\/p>\n","protected":false},"excerpt":{"rendered":"<p>[vc_row dfd_row_responsive_enable=&#8221;dfd-row-responsive-enable&#8221;][vc_column dfd_column_responsive_enable=&#8221;dfd-column-responsive-enable&#8221; col_shadow=&#8221;box_shadow_enable:disable|shadow_horizontal:0|shadow_vertical:15|shadow_blur:50|shadow_spread:0|box_shadow_color:rgba(0%2C0%2C0%2C0.35)&#8221; col_shadow_hover=&#8221;box_shadow_enable:disable|shadow_horizontal:0|shadow_vertical:15|shadow_blur:50|shadow_spread:0|box_shadow_color:rgba(0%2C0%2C0%2C0.35)&#8221; responsive_styles=&#8221;padding_left_tablet:15|padding_right_tablet:15|padding_left_mobile:15|padding_right_mobile:15&#8243;][dfd_spacer screen_wide_spacer_size=&#8221;150&#8243; screen_normal_resolution=&#8221;1024&#8243; screen_tablet_resolution=&#8221;800&#8243; screen_mobile_resolution=&#8221;480&#8243;][vc_row_inner][vc_column_inner width=&#8221;1\/2&#8243;][dfd_heading style=&#8221;style_05&#8243; subtitle=&#8221;&#8221; delimiter_settings=&#8221;delimiter_style:solid|delimiter_width:80|delimiter_height:1&#8243; undefined=&#8221;&#8221; title_font_options=&#8221;tag:h2&#8243; subtitle_font_options=&#8221;tag:div|color:%23000000&#8243;]Notre collection[\/dfd_heading][\/vc_column_inner][vc_column_inner width=&#8221;1\/2&#8243;][dfd_heading subtitle=&#8221;&#8221; delimiter_settings=&#8221;delimiter_style:solid|delimiter_width:80|delimiter_height:1&#8243; undefined=&#8221;&#8221; title_font_options=&#8221;tag:h2&#8243; subtitle_font_options=&#8221;tag:div&#8221;] Vous cherchez des informations sur un<\/p>\n","protected":false},"author":10,"featured_media":0,"parent":0,"menu_order":0,"comment_status":"closed","ping_status":"closed","template":"","meta":{"footnotes":""},"class_list":["post-14346","page","type-page","status-publish","hentry"],"_links":{"self":[{"href":"https:\/\/rmrmuseum.com\/fr\/wp-json\/wp\/v2\/pages\/14346","targetHints":{"allow":["GET"]}}],"collection":[{"href":"https:\/\/rmrmuseum.com\/fr\/wp-json\/wp\/v2\/pages"}],"about":[{"href":"https:\/\/rmrmuseum.com\/fr\/wp-json\/wp\/v2\/types\/page"}],"author":[{"embeddable":true,"href":"https:\/\/rmrmuseum.com\/fr\/wp-json\/wp\/v2\/users\/10"}],"replies":[{"embeddable":true,"href":"https:\/\/rmrmuseum.com\/fr\/wp-json\/wp\/v2\/comments?post=14346"}],"version-history":[{"count":7,"href":"https:\/\/rmrmuseum.com\/fr\/wp-json\/wp\/v2\/pages\/14346\/revisions"}],"predecessor-version":[{"id":14366,"href":"https:\/\/rmrmuseum.com\/fr\/wp-json\/wp\/v2\/pages\/14346\/revisions\/14366"}],"wp:attachment":[{"href":"https:\/\/rmrmuseum.com\/fr\/wp-json\/wp\/v2\/media?parent=14346"}],"curies":[{"name":"wp","href":"https:\/\/api.w.org\/{rel}","templated":true}]}}