{"id":14185,"date":"2017-10-27T15:51:43","date_gmt":"2017-10-27T19:51:43","guid":{"rendered":"https:\/\/rmrmuseum.com\/fr\/?page_id=14185"},"modified":"2017-10-27T16:21:34","modified_gmt":"2017-10-27T20:21:34","slug":"atelier-coquelicot","status":"publish","type":"page","link":"https:\/\/rmrmuseum.com\/fr\/atelier-coquelicot\/","title":{"rendered":"Atelier: Faites un coquelicot"},"content":{"rendered":"<p>[vc_row dfd_row_responsive_enable=&#8221;dfd-row-responsive-enable&#8221; css=&#8221;.vc_custom_1509123309465{background-color: #b73e43 !important;}&#8221; responsive_styles=&#8221;border_bottom_desktop:0|padding_top_desktop:0|padding_left_desktop:200|padding_right_desktop:200|padding_left_mobile:15|padding_right_mobile:15&#8243;][vc_column][dfd_spacer screen_wide_spacer_size=&#8221;135&#8243; screen_normal_resolution=&#8221;1024&#8243; screen_tablet_resolution=&#8221;800&#8243; screen_mobile_resolution=&#8221;480&#8243;][dfd_heading style=&#8221;style_05&#8243; subtitle=&#8221;&#8221; delimiter_settings=&#8221;delimiter_style:solid|delimiter_width:80|delimiter_height:1|delimiter_color:%23ffffff&#8221; undefined=&#8221;&#8221; title_font_options=&#8221;tag:h1|color:%23000000&#8243; subtitle_font_options=&#8221;tag:div|font_size:18|color:%23000000|line_height:21&#8243; title_google_fonts=&#8221;yes&#8221; title_custom_fonts=&#8221;font_family:Josefin%20Sans%3A100%2C100italic%2C300%2C300italic%2Cregular%2Citalic%2C600%2C600italic%2C700%2C700italic|font_style:500%20bold%20regular%3A500%3Anormal&#8221;]<\/p>\n<h1 style=\"color: white;\">Atelier: Faites un coquelicot!<\/h1>\n<p>[\/dfd_heading][vc_row_inner dfd_row_responsive_enable=&#8221;dfd-row-responsive-enable&#8221;][vc_column_inner][dfd_spacer screen_wide_spacer_size=&#8221;35&#8243; screen_normal_resolution=&#8221;1024&#8243; screen_tablet_resolution=&#8221;800&#8243; screen_mobile_resolution=&#8221;480&#8243;][dfd_single_image image=&#8221;14188&#8243;][dfd_spacer screen_wide_spacer_size=&#8221;35&#8243; screen_normal_resolution=&#8221;1024&#8243; screen_tablet_resolution=&#8221;800&#8243; screen_mobile_resolution=&#8221;480&#8243;][vc_column_text]<\/p>\n<p style=\"color: white;\">Avec cette trousse d&#8217;activit\u00e9 \u00e0 t\u00e9l\u00e9charger, vos \u00e9l\u00e8ves pourront faire leur coquelicot pour le Jour du Souvenir et en apprendre davantage \u00e0 propos de courageux soldats canadiens qui ont servi pendant le si\u00e8cle dernier. C&#8217;est \u00e9galement l&#8217;occasion de d\u00e9couvrir l&#8217;origine du symbol du coquelicot. Cet atelier est con\u00e7u pour les \u00e9l\u00e8ves \u00e2g\u00e9s de 6 \u00e0 10 ans.<\/p>\n<p>[\/vc_column_text][dfd_spacer screen_wide_spacer_size=&#8221;50&#8243; screen_normal_resolution=&#8221;1024&#8243; screen_tablet_resolution=&#8221;800&#8243; screen_mobile_resolution=&#8221;480&#8243;][\/vc_column_inner][\/vc_row_inner][\/vc_column][\/vc_row][vc_row][vc_column width=&#8221;1\/2&#8243;][dfd_spacer screen_wide_spacer_size=&#8221;30&#8243; screen_normal_resolution=&#8221;1024&#8243; screen_tablet_resolution=&#8221;800&#8243; screen_mobile_resolution=&#8221;480&#8243;][dfd_single_image image=&#8221;14191&#8243;][dfd_spacer screen_wide_spacer_size=&#8221;50&#8243; screen_normal_resolution=&#8221;1024&#8243; screen_tablet_resolution=&#8221;800&#8243; screen_mobile_resolution=&#8221;480&#8243;][\/vc_column][vc_column width=&#8221;1\/2&#8243;][dfd_spacer screen_wide_spacer_size=&#8221;30&#8243; screen_normal_resolution=&#8221;1024&#8243; screen_tablet_resolution=&#8221;800&#8243; screen_mobile_resolution=&#8221;480&#8243;][dfd_heading subtitle=&#8221;&#8221; delimiter_settings=&#8221;delimiter_style:solid|delimiter_width:80|delimiter_height:1|delimiter_color:%23000000&#8243; undefined=&#8221;&#8221; title_font_options=&#8221;tag:h2&#8243; subtitle_font_options=&#8221;tag:div&#8221;]Ce dont vous aurez besoin[\/dfd_heading][vc_column_text]<\/p>\n<ul>\n<li>T\u00e9l\u00e9chargez le fichier &#8220;Ambassadeurs_coquelicot.pdf&#8221; ci-dessous et imprimez les portraits sur un carton rouge<\/li>\n<li><span style=\"font-weight: 400;\">Imprimez une copie des biographies des ambassadeurs pour chaque \u00e9l\u00e8ve pour qu&#8217;ils\/elles sachent qui sont les personnes sur les photos<\/span><\/li>\n<li>Du carton rouge<\/li>\n<li>1\/2 cure-pipe par \u00e9l\u00e8ve<\/li>\n<li>Un objet rond et noir pour coller au centre du coquelicot (un cercle en carton, un bouton, un pompon, etc)<\/li>\n<li>De la colle<\/li>\n<li>Des ciseaux<\/li>\n<\/ul>\n<p>[\/vc_column_text][\/vc_column][\/vc_row][vc_row css=&#8221;.vc_custom_1509128289927{background-color: #b73e43 !important;}&#8221;][vc_column][dfd_spacer screen_wide_spacer_size=&#8221;30&#8243; screen_normal_resolution=&#8221;1024&#8243; screen_tablet_resolution=&#8221;800&#8243; screen_mobile_resolution=&#8221;480&#8243;][dfd_single_image image=&#8221;14194&#8243;][dfd_spacer screen_wide_spacer_size=&#8221;50&#8243; screen_normal_resolution=&#8221;1024&#8243; screen_tablet_resolution=&#8221;800&#8243; screen_mobile_resolution=&#8221;480&#8243;][\/vc_column][\/vc_row][vc_row css=&#8221;.vc_custom_1509133495810{background-color: #ffffff !important;}&#8221;][vc_column][dfd_spacer screen_wide_spacer_size=&#8221;30&#8243; screen_normal_resolution=&#8221;1024&#8243; screen_tablet_resolution=&#8221;800&#8243; screen_mobile_resolution=&#8221;480&#8243;][vc_column_text]\n    <script>\n        jQuery(function($){\n\n            var __dt = $('#wpdmmydls-88ad019cfbd80a105783f31054709055').dataTable({\n                \"dom\": '<\"wpdmdt-toolbar\"lfrB>t<\"wpdmdt-toolbarb\"ip>',\n                responsive: true,\n                \"order\": [[ 0, \"asc\" ]],\n                \"language\": {\n                    \"lengthMenu\": \"Display _MENU_ downloads per page\",\n                    \"zeroRecords\": \"Nothing _START_ to - sorry\",\n                    \"info\": \"Showing _START_ to _END_ of _TOTAL_ downloads\",\n                    \"infoEmpty\": \"No downloads available\",\n                    \"infoFiltered\": \"(filtered from _MAX_ total downloads)\",\n                    \"emptyTable\":     \"No data available in table\",\n                    \"infoPostFix\":    \"\",\n                    \"thousands\":      \",\",\n                    \"loadingRecords\": \"Loading...\",\n                    \"processing\":     \"Processing...\",\n                    \"search\":         \"Search:\",\n                    \"paginate\": {\n                        \"first\":      \"First\",\n                        \"last\":       \"Last\",\n                        \"next\":       \"Next\",\n                        \"previous\":   \"Previous\"\n                    },\n                    \"aria\": {\n                        \"sortAscending\":  \" : activate to sort column ascending\",\n                        \"sortDescending\": \": activate to sort column descending\"\n                    }\n                },\n                \"iDisplayLength\": 20,\n                \"aLengthMenu\": [[20, 10, 25, 50, -1], [20, 10, 25, 50, \"All\"]]\n            });\n\n                    });\n    <\/script>\n<style>\n    .wpdmdt-toolbar {\n        padding: 10px 10px 0 10px;\n    }\n    .wpdmdt-toolbarb {\n        padding: 5px 10px 10px;\n    }\n    .wpdmdt-toolbar > div {\n        display: inline-block;\n    }\n    table,td,th{\n        border: 0;\n    }\n    #wpdm-all-packages .card{\n        overflow: hidden;\n    }\n    .dataTables_wrapper .table{\n        margin: 0;\n    }\n    #wpdmmydls-88ad019cfbd80a105783f31054709055{\n        border-bottom: 1px solid #dddddd;\n        border-top: 1px solid #dddddd;\n        font-size: 10pt;\n        min-width: 100%;\n    }\n    #wpdmmydls-88ad019cfbd80a105783f31054709055 .wpdm-download-link img{\n        box-shadow: none !important;\n        max-width: 100%;\n    }\n    .w3eden .pagination{\n        margin: 0 !important;\n    }\n    #wpdmmydls-88ad019cfbd80a105783f31054709055 td:not(:first-child){\n        vertical-align: middle !important;\n    }\n    #wpdmmydls-88ad019cfbd80a105783f31054709055 td.__dt_col_download_link .btn{\n        display: block;\n        width: 100%;\n    }\n    #wpdmmydls-88ad019cfbd80a105783f31054709055 td.__dt_col_download_link,\n    #wpdmmydls-88ad019cfbd80a105783f31054709055 th#download_link{\n        max-width: 155px !important;\n        width: 155px;\n\n    }\n    #wpdmmydls-88ad019cfbd80a105783f31054709055 th{\n        background-color: rgba(0,0,0,0.04);\n        border-bottom: 1px solid rgba(0,0,0,0.025);\n    }\n    #wpdmmydls-88ad019cfbd80a105783f31054709055_length label,\n    #wpdmmydls-88ad019cfbd80a105783f31054709055_filter label{\n        font-weight: 400;\n    }\n    #wpdmmydls-88ad019cfbd80a105783f31054709055_filter input[type=search]{\n        display: inline-block;\n        width: 200px;\n    }\n    #wpdmmydls-88ad019cfbd80a105783f31054709055_length select{\n        display: inline-block;\n        width: 60px;\n    }\n\n    #wpdmmydls-88ad019cfbd80a105783f31054709055 .package-title{\n        color:#36597C;\n        font-size: 11pt;\n        font-weight: 700;\n    }\n    #wpdmmydls-88ad019cfbd80a105783f31054709055 .small-txt{\n        margin-right: 7px;\n    }\n    #wpdmmydls-88ad019cfbd80a105783f31054709055 td{\n        min-width: 150px;\n    }\n\n    #wpdmmydls-88ad019cfbd80a105783f31054709055 td.__dt_col_categories{\n        max-width: 300px;\n    }\n\n    #wpdmmydls-88ad019cfbd80a105783f31054709055 .small-txt,\n    #wpdmmydls-88ad019cfbd80a105783f31054709055 small{\n        font-size: 9pt;\n    }\n    .w3eden .table-striped tbody tr:nth-of-type(2n+1) {\n        background-color: rgba(0,0,0,0.015);\n    }\n    .dataTables_wrapper .dataTables_paginate .paginate_button:active,\n    .dataTables_wrapper .dataTables_paginate .paginate_button:focus,\n    .dataTables_wrapper .dataTables_paginate .paginate_button:hover,\n    .dataTables_wrapper .dataTables_paginate .paginate_button{\n        margin: 0 !important;\n        padding: 0 !important;\n        border: 0 !important;\n        background: transparent !important;\n    }\n\n\n    @media (max-width: 799px) {\n        #wpdmmydls-88ad019cfbd80a105783f31054709055 tr {\n            display: block;\n            border: 3px solid rgba(0,0,0,0.3) !important;\n            margin-bottom: 10px !important;\n            position: relative;\n        }\n        #wpdmmydls-88ad019cfbd80a105783f31054709055 thead{\n            display: none;\n        }\n        #wpdmmydls-88ad019cfbd80a105783f31054709055,\n        #wpdmmydls-88ad019cfbd80a105783f31054709055 td:first-child {\n            border: 0 !important;\n        }\n        #wpdmmydls-88ad019cfbd80a105783f31054709055 td {\n            display: block;\n        }\n        #wpdmmydls-88ad019cfbd80a105783f31054709055 td.__dt_col_download_link {\n            display: block;\n            max-width: 100% !important;\n            width: auto !important;\n\n        }\n    }\n\n\n<\/style>\n<div class=\"w3eden\">\n    <div id=\"wpdm-all-packages\">\n        <table id=\"wpdmmydls-88ad019cfbd80a105783f31054709055\" class=\"table table-striped wpdm-all-packages-table\">\n            <thead>\n            <tr>\n                                <th style=\"\"  id=\"pagelink\" class=\"\">Title<\/th>\n                                <th style=\"\"  id=\"categories\" class=\"hidden-sm hidden-xs\">Categories<\/th>\n                                <th style=\"\"  id=\"updatedate\" class=\"hidden-sm hidden-xs\">Update Date<\/th>\n                                <th style=\"\"  id=\"downloadlink\" class=\"hidden-sm hidden-xs\">Download<\/th>\n                \n            <\/tr>\n            <\/thead>\n            <tbody>\n            \n                    <tr class=\"__dt_row\">\n                                                <td  class=\"__dt_col_0 __dt_col __dt_col_page_link\" style=\"background-image: url('https:\/\/rmrmuseum.com\/fr\/wp-content\/plugins\/download-manager\/assets\/file-type-icons\/pdf.svg');background-size: 36px;background-position: 5px 8px;background-repeat:  no-repeat;padding-left: 52px;line-height: normal;\">\n                            <a class=\"package-title\" href='https:\/\/rmrmuseum.com\/fr\/download\/ambassadeurs-coquelicot\/'>Ambassadeurs coquelicot<\/a><br\/><span class='__dt_file_count small-txt'>1<\/span><span class='__dt_download_count small-txt'><i class=\"far fa-arrow-alt-circle-down\"><\/i> 8 downloads<\/span><div class=\"hidden-md hidden-lg td-mobile\"><\/div>\n\n                        <\/td>\n                                                <td  class=\"__dt_col_1 __dt_col __dt_col_categories\" >\n                            <span class='__dt_categories '><a class='sbyc' href='https:\/\/rmrmuseum.com\/fr\/atelier-coquelicot\/?tax%5Bwpdmcategory%5D=atelier-coquelicot'>Atelier coquelicot<\/a><\/span>\n\n                        <\/td>\n                                                <td  data-order=\"1509062400\"  class=\"__dt_col_2 __dt_col __dt_col_update_date\" >\n                            <span class='__dt_update_date '>October 27, 2017<\/span>\n\n                        <\/td>\n                                                <td  class=\"__dt_col_3 __dt_col __dt_col_download_link\" >\n                            <a class='wpdm-download-link download-on-click btn btn-primary ' rel='nofollow' href='#' data-downloadurl=\"https:\/\/rmrmuseum.com\/fr\/download\/ambassadeurs-coquelicot\/?wpdmdl=14196&refresh=69ea66218058b1776969249\">Download<\/a>\n\n                        <\/td>\n                        \n                    <\/tr>\n                \n                    <tr class=\"__dt_row\">\n                                                <td  class=\"__dt_col_0 __dt_col __dt_col_page_link\" style=\"background-image: url('https:\/\/rmrmuseum.com\/fr\/wp-content\/plugins\/download-manager\/assets\/file-type-icons\/pdf.svg');background-size: 36px;background-position: 5px 8px;background-repeat:  no-repeat;padding-left: 52px;line-height: normal;\">\n                            <a class=\"package-title\" href='https:\/\/rmrmuseum.com\/fr\/download\/instructions-coquelicot\/'>Instructions coquelicot<\/a><br\/><span class='__dt_file_count small-txt'>1<\/span><span class='__dt_download_count small-txt'><i class=\"far fa-arrow-alt-circle-down\"><\/i> 8 downloads<\/span><div class=\"hidden-md hidden-lg td-mobile\"><\/div>\n\n                        <\/td>\n                                                <td  class=\"__dt_col_1 __dt_col __dt_col_categories\" >\n                            <span class='__dt_categories '><a class='sbyc' href='https:\/\/rmrmuseum.com\/fr\/atelier-coquelicot\/?tax%5Bwpdmcategory%5D=atelier-coquelicot'>Atelier coquelicot<\/a><\/span>\n\n                        <\/td>\n                                                <td  data-order=\"1509062400\"  class=\"__dt_col_2 __dt_col __dt_col_update_date\" >\n                            <span class='__dt_update_date '>October 27, 2017<\/span>\n\n                        <\/td>\n                                                <td  class=\"__dt_col_3 __dt_col __dt_col_download_link\" >\n                            <a class='wpdm-download-link download-on-click btn btn-primary ' rel='nofollow' href='#' data-downloadurl=\"https:\/\/rmrmuseum.com\/fr\/download\/instructions-coquelicot\/?wpdmdl=14195&refresh=69ea6621819bf1776969249\">Download<\/a>\n\n                        <\/td>\n                        \n                    <\/tr>\n                                        <\/tbody>\n        <\/table>\n\n        <div class='text-center'><ul class='pagination wpdm-pagination pagination-centered text-center'><\/ul><\/div>\n    <\/div>\n<\/div>\n[\/vc_column_text][dfd_spacer screen_wide_spacer_size=&#8221;50&#8243; screen_normal_resolution=&#8221;1024&#8243; screen_tablet_resolution=&#8221;800&#8243; screen_mobile_resolution=&#8221;480&#8243;][\/vc_column][\/vc_row]<\/p>\n","protected":false},"excerpt":{"rendered":"<p>[vc_row dfd_row_responsive_enable=&#8221;dfd-row-responsive-enable&#8221; css=&#8221;.vc_custom_1509123309465{background-color: #b73e43 !important;}&#8221; responsive_styles=&#8221;border_bottom_desktop:0|padding_top_desktop:0|padding_left_desktop:200|padding_right_desktop:200|padding_left_mobile:15|padding_right_mobile:15&#8243;][vc_column][dfd_spacer screen_wide_spacer_size=&#8221;135&#8243; screen_normal_resolution=&#8221;1024&#8243; screen_tablet_resolution=&#8221;800&#8243; screen_mobile_resolution=&#8221;480&#8243;][dfd_heading style=&#8221;style_05&#8243; subtitle=&#8221;&#8221; delimiter_settings=&#8221;delimiter_style:solid|delimiter_width:80|delimiter_height:1|delimiter_color:%23ffffff&#8221; undefined=&#8221;&#8221; title_font_options=&#8221;tag:h1|color:%23000000&#8243; subtitle_font_options=&#8221;tag:div|font_size:18|color:%23000000|line_height:21&#8243; title_google_fonts=&#8221;yes&#8221; title_custom_fonts=&#8221;font_family:Josefin%20Sans%3A100%2C100italic%2C300%2C300italic%2Cregular%2Citalic%2C600%2C600italic%2C700%2C700italic|font_style:500%20bold%20regular%3A500%3Anormal&#8221;] Atelier: Faites un coquelicot! [\/dfd_heading][vc_row_inner dfd_row_responsive_enable=&#8221;dfd-row-responsive-enable&#8221;][vc_column_inner][dfd_spacer screen_wide_spacer_size=&#8221;35&#8243; screen_normal_resolution=&#8221;1024&#8243; screen_tablet_resolution=&#8221;800&#8243; screen_mobile_resolution=&#8221;480&#8243;][dfd_single_image image=&#8221;14188&#8243;][dfd_spacer screen_wide_spacer_size=&#8221;35&#8243;<\/p>\n","protected":false},"author":5,"featured_media":0,"parent":0,"menu_order":0,"comment_status":"closed","ping_status":"closed","template":"tmp-page.php","meta":{"footnotes":""},"class_list":["post-14185","page","type-page","status-publish","hentry"],"_links":{"self":[{"href":"https:\/\/rmrmuseum.com\/fr\/wp-json\/wp\/v2\/pages\/14185","targetHints":{"allow":["GET"]}}],"collection":[{"href":"https:\/\/rmrmuseum.com\/fr\/wp-json\/wp\/v2\/pages"}],"about":[{"href":"https:\/\/rmrmuseum.com\/fr\/wp-json\/wp\/v2\/types\/page"}],"author":[{"embeddable":true,"href":"https:\/\/rmrmuseum.com\/fr\/wp-json\/wp\/v2\/users\/5"}],"replies":[{"embeddable":true,"href":"https:\/\/rmrmuseum.com\/fr\/wp-json\/wp\/v2\/comments?post=14185"}],"version-history":[{"count":11,"href":"https:\/\/rmrmuseum.com\/fr\/wp-json\/wp\/v2\/pages\/14185\/revisions"}],"predecessor-version":[{"id":14203,"href":"https:\/\/rmrmuseum.com\/fr\/wp-json\/wp\/v2\/pages\/14185\/revisions\/14203"}],"wp:attachment":[{"href":"https:\/\/rmrmuseum.com\/fr\/wp-json\/wp\/v2\/media?parent=14185"}],"curies":[{"name":"wp","href":"https:\/\/api.w.org\/{rel}","templated":true}]}}