{"id":13626,"date":"2017-08-31T13:24:00","date_gmt":"2017-08-31T17:24:00","guid":{"rendered":"http:\/\/royalmontrealregiment.com\/2017\/?page_id=13626"},"modified":"2018-12-06T11:03:13","modified_gmt":"2018-12-06T16:03:13","slug":"activites-musee","status":"publish","type":"page","link":"https:\/\/rmrmuseum.com\/fr\/activites-musee\/","title":{"rendered":"Activit\u00e9s du Mus\u00e9e"},"content":{"rendered":"<p>[vc_row dfd_row_responsive_enable=&#8221;dfd-row-responsive-enable&#8221; css=&#8221;.vc_custom_1504109490864{background-color: #f3bc14 !important;}&#8221; responsive_styles=&#8221;border_bottom_desktop:0|padding_top_desktop:0|padding_left_desktop:200|padding_right_desktop:200|padding_left_mobile:15|padding_right_mobile:15&#8243;][vc_column][dfd_spacer screen_wide_spacer_size=&#8221;150&#8243; screen_normal_resolution=&#8221;1024&#8243; screen_tablet_resolution=&#8221;800&#8243; screen_mobile_resolution=&#8221;480&#8243;][dfd_heading style=&#8221;style_05&#8243; subtitle=&#8221;ACTIVIT\u00c9S PRATIQUES POUR EXPLORER L&#8217;HISTOIRE DIFF\u00c9REMMENT&#8221; delimiter_settings=&#8221;delimiter_style:solid|delimiter_width:80|delimiter_height:1|delimiter_color:%23000000&#8243; undefined=&#8221;&#8221; title_font_options=&#8221;tag:h1|color:%23000000&#8243; subtitle_font_options=&#8221;tag:div|font_size:18|color:%23000000|line_height:21&#8243; title_google_fonts=&#8221;yes&#8221; title_custom_fonts=&#8221;font_family:Josefin%20Sans%3A100%2C100italic%2C300%2C300italic%2Cregular%2Citalic%2C600%2C600italic%2C700%2C700italic|font_style:500%20bold%20regular%3A500%3Anormal&#8221;]<\/p>\n<h1>ATELIERS<\/h1>\n<p>[\/dfd_heading][vc_row_inner dfd_row_responsive_enable=&#8221;dfd-row-responsive-enable&#8221; css=&#8221;.vc_custom_1503954417383{padding-top: 35px !important;padding-right: 35px !important;padding-bottom: 35px !important;padding-left: 35px !important;}&#8221;][vc_column_inner width=&#8221;1\/2&#8243; col_inner_shadow=&#8221;box_shadow_enable:disable|shadow_horizontal:0|shadow_vertical:15|shadow_blur:50|shadow_spread:0|box_shadow_color:rgba(0%2C0%2C0%2C0.35)&#8221; col_inner_shadow_hover=&#8221;box_shadow_enable:disable|shadow_horizontal:0|shadow_vertical:15|shadow_blur:50|shadow_spread:0|box_shadow_color:rgba(0%2C0%2C0%2C0.35)&#8221;][dfd_single_image link_object=&#8221;link&#8221; hover_style=&#8221;dfd-image-fade-in&#8221; image=&#8221;14053&#8243; enable_link=&#8221;yes&#8221; image_ext_link_url=&#8221;https:\/\/rmrmuseum.com\/fr\/atelier-renegocier-versailles\/&#8221;][dfd_spacer screen_wide_spacer_size=&#8221;0&#8243; screen_normal_resolution=&#8221;1024&#8243; screen_tablet_resolution=&#8221;800&#8243; screen_mobile_resolution=&#8221;480&#8243; screen_mobile_spacer_size=&#8221;40&#8243; screen_normal_spacer_size=&#8221;40&#8243; screen_tablet_spacer_size=&#8221;40&#8243;][\/vc_column_inner][vc_column_inner width=&#8221;1\/2&#8243; col_inner_shadow=&#8221;box_shadow_enable:disable|shadow_horizontal:0|shadow_vertical:15|shadow_blur:50|shadow_spread:0|box_shadow_color:rgba(0%2C0%2C0%2C0.35)&#8221; col_inner_shadow_hover=&#8221;box_shadow_enable:disable|shadow_horizontal:0|shadow_vertical:15|shadow_blur:50|shadow_spread:0|box_shadow_color:rgba(0%2C0%2C0%2C0.35)&#8221;][dfd_single_image link_object=&#8221;link&#8221; hover_style=&#8221;dfd-image-fade-in&#8221; enable_link=&#8221;yes&#8221; image_ext_link_url=&#8221;https:\/\/rmrmuseum.com\/fr\/atelier-en-quete-recits\/&#8221; image=&#8221;14332&#8243; tutorials=&#8221;&#8221;][\/vc_column_inner][\/vc_row_inner][vc_row_inner dfd_row_responsive_enable=&#8221;dfd-row-responsive-enable&#8221; css=&#8221;.vc_custom_1503954417383{padding-top: 35px !important;padding-right: 35px !important;padding-bottom: 35px !important;padding-left: 35px !important;}&#8221;][vc_column_inner width=&#8221;1\/2&#8243; col_inner_shadow=&#8221;box_shadow_enable:disable|shadow_horizontal:0|shadow_vertical:15|shadow_blur:50|shadow_spread:0|box_shadow_color:rgba(0%2C0%2C0%2C0.35)&#8221; col_inner_shadow_hover=&#8221;box_shadow_enable:disable|shadow_horizontal:0|shadow_vertical:15|shadow_blur:50|shadow_spread:0|box_shadow_color:rgba(0%2C0%2C0%2C0.35)&#8221;][dfd_single_image link_object=&#8221;link&#8221; hover_style=&#8221;dfd-image-fade-in&#8221; enable_link=&#8221;yes&#8221; image_ext_link_url=&#8221;https:\/\/rmrmuseum.com\/fr\/atelier-coquelicot\/&#8221; image=&#8221;14201&#8243;][dfd_spacer screen_wide_spacer_size=&#8221;0&#8243; screen_normal_resolution=&#8221;1024&#8243; screen_tablet_resolution=&#8221;800&#8243; screen_mobile_resolution=&#8221;480&#8243; screen_mobile_spacer_size=&#8221;40&#8243; screen_normal_spacer_size=&#8221;40&#8243; screen_tablet_spacer_size=&#8221;40&#8243;][\/vc_column_inner][\/vc_row_inner][vc_row_inner dfd_row_responsive_enable=&#8221;dfd-row-responsive-enable&#8221;][vc_column_inner][vc_column_text]Vous pouvez interagir avec la collection du mus\u00e9e directement dans votre classe ou encore au mus\u00e9e. Ces activit\u00e9s offrent aux \u00e9l\u00e8ves une opportunit\u00e9 de d\u00e9couvrir l&#8217;Histoire gr\u00e2ce \u00e0 une approche concr\u00e8te et pratique. Revivez des n\u00e9gociations diplomatiques cruciales ou encore cr\u00e9ez de l&#8217;art de tranch\u00e9e comme le faisaient les soldats ordinaires pendant la Premi\u00e8re Guerre mondiale.[\/vc_column_text][dfd_spacer screen_wide_spacer_size=&#8221;35&#8243; screen_normal_resolution=&#8221;1024&#8243; screen_tablet_resolution=&#8221;800&#8243; screen_mobile_resolution=&#8221;480&#8243;][\/vc_column_inner][\/vc_row_inner][\/vc_column][\/vc_row][vc_row row_effect=&#8221;dfd-fade-on-scroll&#8221;][vc_column][dfd_call_to_action module_animation=&#8221;transition.fadeIn&#8221; block_title=&#8221;Int\u00e9ress\u00e9-e? R\u00e9servez une activit\u00e9 en compl\u00e9tant ce formulaire.&#8221; block_subtitle=&#8221;&#8221; button_text=&#8221;R\u00e9server une activit\u00e9!&#8221; button_link=&#8221;url:https%3A%2F%2Frmrmuseum.com%2Ffr%2Freserver-activite%2F|||&#8221; horizontal_padding=&#8221;35&#8243; vertical_padding=&#8221;35&#8243; main_border_radius=&#8221;6&#8243; main_style=&#8221;style-1&#8243; undefined=&#8221;&#8221; title_font_options=&#8221;tag:h2|color:%23232323&#8243; use_google_fonts=&#8221;yes&#8221; custom_fonts=&#8221;font_family:Roboto%3A100%2C100italic%2C300%2C300italic%2Cregular%2Citalic%2C500%2C500italic%2C700%2C700italic%2C900%2C900italic|font_style:100%20light%20regular%3A100%3Anormal&#8221; bt_text_color=&#8221;#ffffff&#8221; button_bg=&#8221;#004675&#8243; button_block_bg=&#8221;#ffffff&#8221; main_bg_color=&#8221;#ffffff&#8221; button_font_options=&#8221;font_size:16&#8243;][\/vc_column][\/vc_row][vc_row anchor=&#8221;resources&#8221; dfd_row_responsive_enable=&#8221;dfd-row-responsive-enable&#8221; css=&#8221;.vc_custom_1543260640286{background-color: #004675 !important;}&#8221;][vc_column][dfd_spacer screen_wide_spacer_size=&#8221;50&#8243; screen_normal_resolution=&#8221;1024&#8243; screen_tablet_resolution=&#8221;800&#8243; screen_mobile_resolution=&#8221;480&#8243;][dfd_heading subtitle=&#8221;&#8221; delimiter_settings=&#8221;delimiter_style:solid|delimiter_width:80|delimiter_height:1|delimiter_color:%23ffffff&#8221; undefined=&#8221;&#8221; title_font_options=&#8221;tag:h1&#8243; subtitle_font_options=&#8221;tag:div&#8221;]<span style=\"color: #ffffff;\">Ressources gratuites<\/span>[\/dfd_heading][vc_row_inner][vc_column_inner width=&#8221;1\/4&#8243;][dfd_single_image link_object=&#8221;link&#8221; image=&#8221;14324&#8243; enable_link=&#8221;yes&#8221; image_ext_link_url=&#8221;#call-action-activities&#8221;][\/vc_column_inner][vc_column_inner width=&#8221;3\/4&#8243;][vc_column_text css=&#8221;.vc_custom_1543265198370{padding-right: 20px !important;padding-left: 20px !important;}&#8221;]<span style=\"color: #ffffff;\">Venez au Royal Montreal Regiment pour d\u00e9couvrir le man\u00e8ge militaire fonctionnel de cette unit\u00e9 historique.<\/span><\/p>\n<p><span style=\"color: #ffffff;\">Le mus\u00e9e offre des visites guid\u00e9es de son exposition permanente, qui compte plus de mille artefacts, photos, lettres, journaux et autres articles militaires datant de la cr\u00e9ation du Royal Montreal Regiment, en 1914, jusqu&#8217;aux conflits contemporains.<\/span>[\/vc_column_text][\/vc_column_inner][\/vc_row_inner][dfd_spacer screen_wide_spacer_size=&#8221;50&#8243; screen_normal_resolution=&#8221;1024&#8243; screen_tablet_resolution=&#8221;800&#8243; screen_mobile_resolution=&#8221;480&#8243;][vc_row_inner][vc_column_inner width=&#8221;3\/4&#8243;][vc_column_text css=&#8221;.vc_custom_1543265209213{padding-right: 20px !important;padding-left: 20px !important;}&#8221;]<span style=\"color: #ffffff;\"><em>R\u00e9giments sur la cr\u00eate : Vimy, 100 ans plus tard<\/em> raconte la participation du Canada \u00e0 la Grande Guerre.<\/span><\/p>\n<p><span style=\"color: #ffffff;\">En avril 1917, le Corps exp\u00e9ditionnaire canadien combat en tant qu&#8217;entit\u00e9 canadienne pour la premi\u00e8re fois. Il attaque la cr\u00eate de Vimy, qui s&#8217;\u00e9tend sur sept kilom\u00e8tres grandement fortifi\u00e9s par les Allemands.<\/span><\/p>\n<p><span style=\"color: #ffffff;\">L&#8217;exposition itin\u00e9rante compte 14 panneaux auto-portants bilingues.<\/span>[\/vc_column_text][\/vc_column_inner][vc_column_inner width=&#8221;1\/4&#8243; offset=&#8221;vc_hidden-sm vc_hidden-xs&#8221; col_inner_shadow=&#8221;box_shadow_enable:disable|shadow_horizontal:0|shadow_vertical:15|shadow_blur:50|shadow_spread:0|box_shadow_color:rgba(0%2C0%2C0%2C0.35)&#8221; col_inner_shadow_hover=&#8221;box_shadow_enable:disable|shadow_horizontal:0|shadow_vertical:15|shadow_blur:50|shadow_spread:0|box_shadow_color:rgba(0%2C0%2C0%2C0.35)&#8221;][dfd_single_image link_object=&#8221;link&#8221; image=&#8221;14325&#8243; enable_link=&#8221;yes&#8221; image_ext_link_url=&#8221;#call-action-activities&#8221;][\/vc_column_inner][\/vc_row_inner][dfd_spacer screen_wide_spacer_size=&#8221;50&#8243; screen_normal_resolution=&#8221;1024&#8243; screen_tablet_resolution=&#8221;800&#8243; screen_mobile_resolution=&#8221;480&#8243;][vc_row_inner][vc_column_inner width=&#8221;1\/4&#8243; offset=&#8221;vc_hidden-sm vc_hidden-xs&#8221; col_inner_shadow=&#8221;box_shadow_enable:disable|shadow_horizontal:0|shadow_vertical:15|shadow_blur:50|shadow_spread:0|box_shadow_color:rgba(0%2C0%2C0%2C0.35)&#8221; col_inner_shadow_hover=&#8221;box_shadow_enable:disable|shadow_horizontal:0|shadow_vertical:15|shadow_blur:50|shadow_spread:0|box_shadow_color:rgba(0%2C0%2C0%2C0.35)&#8221;][dfd_single_image link_object=&#8221;link&#8221; image=&#8221;14326&#8243; enable_link=&#8221;yes&#8221; image_ext_link_url=&#8221;#call-action-activities&#8221;][\/vc_column_inner][vc_column_inner width=&#8221;3\/4&#8243;][vc_column_text css=&#8221;.vc_custom_1543265221032{padding-right: 20px !important;padding-left: 20px !important;}&#8221;]<span style=\"color: #ffffff;\">Interagissez avec nos r\u00e9pliques d&#8217;uniformes de la Premi\u00e8re Guerre mondiale.<\/span><\/p>\n<p><span style=\"color: #ffffff;\">Nous pr\u00eatons des uniformes de soldat et d&#8217;infirmi\u00e8re pour que tout le monde puisse s&#8217;imaginer comment les gens s&#8217;habillaient \u00e0 l&#8217;\u00e9poque.<\/span><\/p>\n<p><span style=\"color: #ffffff;\">Ces uniformes donnent un petit aper\u00e7u de la vie quotidienne des gens qui ont particip\u00e9 \u00e0 ces \u00e9v\u00e9nement qui ont pris des proportions encore jamais vues.<\/span>[\/vc_column_text][\/vc_column_inner][vc_column_inner width=&#8221;1\/4&#8243; offset=&#8221;vc_hidden-lg vc_hidden-md&#8221; col_inner_shadow=&#8221;box_shadow_enable:disable|shadow_horizontal:0|shadow_vertical:15|shadow_blur:50|shadow_spread:0|box_shadow_color:rgba(0%2C0%2C0%2C0.35)&#8221; col_inner_shadow_hover=&#8221;box_shadow_enable:disable|shadow_horizontal:0|shadow_vertical:15|shadow_blur:50|shadow_spread:0|box_shadow_color:rgba(0%2C0%2C0%2C0.35)&#8221;][\/vc_column_inner][\/vc_row_inner][dfd_spacer screen_wide_spacer_size=&#8221;50&#8243; screen_normal_resolution=&#8221;1024&#8243; screen_tablet_resolution=&#8221;800&#8243; screen_mobile_resolution=&#8221;480&#8243;][\/vc_column][\/vc_row]<\/p>\n","protected":false},"excerpt":{"rendered":"<p>[vc_row dfd_row_responsive_enable=&#8221;dfd-row-responsive-enable&#8221; css=&#8221;.vc_custom_1504109490864{background-color: #f3bc14 !important;}&#8221; responsive_styles=&#8221;border_bottom_desktop:0|padding_top_desktop:0|padding_left_desktop:200|padding_right_desktop:200|padding_left_mobile:15|padding_right_mobile:15&#8243;][vc_column][dfd_spacer screen_wide_spacer_size=&#8221;150&#8243; screen_normal_resolution=&#8221;1024&#8243; screen_tablet_resolution=&#8221;800&#8243; screen_mobile_resolution=&#8221;480&#8243;][dfd_heading style=&#8221;style_05&#8243; subtitle=&#8221;ACTIVIT\u00c9S PRATIQUES POUR EXPLORER L&#8217;HISTOIRE DIFF\u00c9REMMENT&#8221; delimiter_settings=&#8221;delimiter_style:solid|delimiter_width:80|delimiter_height:1|delimiter_color:%23000000&#8243; undefined=&#8221;&#8221; title_font_options=&#8221;tag:h1|color:%23000000&#8243; subtitle_font_options=&#8221;tag:div|font_size:18|color:%23000000|line_height:21&#8243; title_google_fonts=&#8221;yes&#8221; title_custom_fonts=&#8221;font_family:Josefin%20Sans%3A100%2C100italic%2C300%2C300italic%2Cregular%2Citalic%2C600%2C600italic%2C700%2C700italic|font_style:500%20bold%20regular%3A500%3Anormal&#8221;] ATELIERS [\/dfd_heading][vc_row_inner dfd_row_responsive_enable=&#8221;dfd-row-responsive-enable&#8221; css=&#8221;.vc_custom_1503954417383{padding-top: 35px !important;padding-right: 35px<\/p>\n","protected":false},"author":1,"featured_media":0,"parent":0,"menu_order":0,"comment_status":"closed","ping_status":"closed","template":"tmp-page.php","meta":{"footnotes":""},"class_list":["post-13626","page","type-page","status-publish","hentry"],"_links":{"self":[{"href":"https:\/\/rmrmuseum.com\/fr\/wp-json\/wp\/v2\/pages\/13626","targetHints":{"allow":["GET"]}}],"collection":[{"href":"https:\/\/rmrmuseum.com\/fr\/wp-json\/wp\/v2\/pages"}],"about":[{"href":"https:\/\/rmrmuseum.com\/fr\/wp-json\/wp\/v2\/types\/page"}],"author":[{"embeddable":true,"href":"https:\/\/rmrmuseum.com\/fr\/wp-json\/wp\/v2\/users\/1"}],"replies":[{"embeddable":true,"href":"https:\/\/rmrmuseum.com\/fr\/wp-json\/wp\/v2\/comments?post=13626"}],"version-history":[{"count":54,"href":"https:\/\/rmrmuseum.com\/fr\/wp-json\/wp\/v2\/pages\/13626\/revisions"}],"predecessor-version":[{"id":14333,"href":"https:\/\/rmrmuseum.com\/fr\/wp-json\/wp\/v2\/pages\/13626\/revisions\/14333"}],"wp:attachment":[{"href":"https:\/\/rmrmuseum.com\/fr\/wp-json\/wp\/v2\/media?parent=13626"}],"curies":[{"name":"wp","href":"https:\/\/api.w.org\/{rel}","templated":true}]}}